{"id":13,"date":"2026-01-12T12:31:35","date_gmt":"2026-01-12T12:31:35","guid":{"rendered":"https:\/\/xn--hrupvandvrk-x8av.dk\/?page_id=13"},"modified":"2026-01-12T12:31:58","modified_gmt":"2026-01-12T12:31:58","slug":"kontakt","status":"publish","type":"page","link":"https:\/\/xn--hrupvandvrk-x8av.dk\/?page_id=13","title":{"rendered":"Kontakt"},"content":{"rendered":"\n<p>Her kan du se kontakt til H\u00e5rup Vandv\u00e6rks bestyrelse<\/p>\n\n\n\n<figure class=\"wp-block-table\"><table class=\"has-fixed-layout\"><tbody><tr><td>Navn<\/td><td>Titel<\/td><td>Email<\/td><\/tr><tr><td><\/td><td>Formand<\/td><td>formand@h\u00e5rupvandv\u00e6rk.dk<\/td><\/tr><tr><td><\/td><td>N\u00e6stformand<\/td><td>naestformand@h\u00e5rupvandv\u00e6rk.dk<\/td><\/tr><tr><td>Claus<\/td><td>Kasserer<\/td><td>kasserer@h\u00e5rupvandv\u00e6rk.dk<\/td><\/tr><\/tbody><\/table><\/figure>\n\n\n\n<p><\/p>\n","protected":false},"excerpt":{"rendered":"<p>Her kan du se kontakt til H\u00e5rup Vandv\u00e6rks bestyrelse Navn Titel Email Formand formand@h\u00e5rupvandv\u00e6rk.dk N\u00e6stformand naestformand@h\u00e5rupvandv\u00e6rk.dk Claus Kasserer kasserer@h\u00e5rupvandv\u00e6rk.dk<\/p>\n","protected":false},"author":1,"featured_media":0,"parent":0,"menu_order":0,"comment_status":"closed","ping_status":"closed","template":"","meta":{"footnotes":""},"class_list":["post-13","page","type-page","status-publish","hentry"],"_links":{"self":[{"href":"https:\/\/xn--hrupvandvrk-x8av.dk\/index.php?rest_route=\/wp\/v2\/pages\/13","targetHints":{"allow":["GET"]}}],"collection":[{"href":"https:\/\/xn--hrupvandvrk-x8av.dk\/index.php?rest_route=\/wp\/v2\/pages"}],"about":[{"href":"https:\/\/xn--hrupvandvrk-x8av.dk\/index.php?rest_route=\/wp\/v2\/types\/page"}],"author":[{"embeddable":true,"href":"https:\/\/xn--hrupvandvrk-x8av.dk\/index.php?rest_route=\/wp\/v2\/users\/1"}],"replies":[{"embeddable":true,"href":"https:\/\/xn--hrupvandvrk-x8av.dk\/index.php?rest_route=%2Fwp%2Fv2%2Fcomments&post=13"}],"version-history":[{"count":3,"href":"https:\/\/xn--hrupvandvrk-x8av.dk\/index.php?rest_route=\/wp\/v2\/pages\/13\/revisions"}],"predecessor-version":[{"id":16,"href":"https:\/\/xn--hrupvandvrk-x8av.dk\/index.php?rest_route=\/wp\/v2\/pages\/13\/revisions\/16"}],"wp:attachment":[{"href":"https:\/\/xn--hrupvandvrk-x8av.dk\/index.php?rest_route=%2Fwp%2Fv2%2Fmedia&parent=13"}],"curies":[{"name":"wp","href":"https:\/\/api.w.org\/{rel}","templated":true}]}}